{"id":22,"date":"2011-01-28T14:18:53","date_gmt":"2011-01-28T13:18:53","guid":{"rendered":"http:\/\/www.msc-reichenbach.de\/wordpress\/?page_id=22"},"modified":"2023-02-26T22:07:11","modified_gmt":"2023-02-26T21:07:11","slug":"veteranenabteilung","status":"publish","type":"page","link":"http:\/\/www.msc-reichenbach.de\/wordpress\/?page_id=22","title":{"rendered":"Veteranenabteilung"},"content":{"rendered":"<div class=\"fcbkbttn_buttons_block\" id=\"fcbkbttn_left\"><div class=\"fcbkbttn_button\">\n                            <a href=\"https:\/\/www.facebook.com\/\" target=\"_blank\">\n                                <img decoding=\"async\" src=\"http:\/\/www.msc-reichenbach.de\/wordpress\/wp-content\/plugins\/facebook-button-plugin\/images\/standard-facebook-ico.png\" alt=\"Fb-Button\" \/>\n                            <\/a>\n                        <\/div><div class=\"fcbkbttn_like \"><fb:like href=\"http:\/\/www.msc-reichenbach.de\/wordpress\/?page_id=22\" action=\"like\" colorscheme=\"light\" layout=\"standard\" show-faces='false' width=\"225px\" size=\"small\"><\/fb:like><\/div><\/div><p><a href=\"http:\/\/www.msc-reichenbach.de\/wordpress\/?attachment_id=1978\" rel=\"attachment wp-att-1978\"><img loading=\"lazy\" decoding=\"async\" class=\"wp-image-1978 alignleft\" src=\"http:\/\/www.msc-reichenbach.de\/wordpress\/wp-content\/uploads\/veteranenlogo.jpg\" alt=\"veteranenlogo\" width=\"219\" height=\"154\"\/><\/a>&nbsp;Die Bezeichnung Veteranen bezieht sich bei uns&nbsp;&nbsp;&nbsp;&nbsp; nat\u00fcrlich nicht auf die Personen, sondern auf die Fahrzeuge.<\/p>\n<p>Wir haben 3 Bereiche, die sich folgenderma\u00dfen aufteilen:<\/p>\n<p>Motorr\u00e4der, Traktoren und&nbsp;Automobile.<\/p>\n<p><span style=\"color: #0000ff;\">Veteranenstammtisch,findet jeden ersten Mittwoch im Monat 19.30 Uhr in unserem Clubhaus . Ortsteil Busenbach, Bahnhofsstr.13g,&nbsp;<\/span><\/p>\n<p>G\u00e4ste und Interessenten sind herzlich eingeladen.<\/p>\n","protected":false},"excerpt":{"rendered":"<p>&nbsp;Die Bezeichnung Veteranen bezieht sich bei uns&nbsp;&nbsp;&nbsp;&nbsp; nat\u00fcrlich nicht auf die Personen, sondern auf die Fahrzeuge. Wir haben 3 Bereiche, die sich folgenderma\u00dfen aufteilen: Motorr\u00e4der, Traktoren und&nbsp;Automobile. Veteranenstammtisch,findet jeden ersten Mittwoch im Monat 19.30 Uhr in unserem Clubhaus . Ortsteil Busenbach, Bahnhofsstr.13g,&nbsp; G\u00e4ste und Interessenten sind herzlich eingeladen.<\/p>\n","protected":false},"author":1,"featured_media":0,"parent":0,"menu_order":0,"comment_status":"closed","ping_status":"closed","template":"","meta":{"ngg_post_thumbnail":0,"footnotes":""},"class_list":["post-22","page","type-page","status-publish","hentry"],"_links":{"self":[{"href":"http:\/\/www.msc-reichenbach.de\/wordpress\/index.php?rest_route=\/wp\/v2\/pages\/22","targetHints":{"allow":["GET"]}}],"collection":[{"href":"http:\/\/www.msc-reichenbach.de\/wordpress\/index.php?rest_route=\/wp\/v2\/pages"}],"about":[{"href":"http:\/\/www.msc-reichenbach.de\/wordpress\/index.php?rest_route=\/wp\/v2\/types\/page"}],"author":[{"embeddable":true,"href":"http:\/\/www.msc-reichenbach.de\/wordpress\/index.php?rest_route=\/wp\/v2\/users\/1"}],"replies":[{"embeddable":true,"href":"http:\/\/www.msc-reichenbach.de\/wordpress\/index.php?rest_route=%2Fwp%2Fv2%2Fcomments&post=22"}],"version-history":[{"count":22,"href":"http:\/\/www.msc-reichenbach.de\/wordpress\/index.php?rest_route=\/wp\/v2\/pages\/22\/revisions"}],"predecessor-version":[{"id":4491,"href":"http:\/\/www.msc-reichenbach.de\/wordpress\/index.php?rest_route=\/wp\/v2\/pages\/22\/revisions\/4491"}],"wp:attachment":[{"href":"http:\/\/www.msc-reichenbach.de\/wordpress\/index.php?rest_route=%2Fwp%2Fv2%2Fmedia&parent=22"}],"curies":[{"name":"wp","href":"https:\/\/api.w.org\/{rel}","templated":true}]}}