{"id":68,"date":"2011-01-31T19:53:07","date_gmt":"2011-01-31T18:53:07","guid":{"rendered":"http:\/\/www.msc-reichenbach.de\/wordpress\/?page_id=68"},"modified":"2014-02-09T22:38:00","modified_gmt":"2014-02-09T21:38:00","slug":"wer-sind-wir","status":"publish","type":"page","link":"http:\/\/www.msc-reichenbach.de\/wordpress\/?page_id=68","title":{"rendered":"Chronik"},"content":{"rendered":"<div class=\"fcbkbttn_buttons_block\" id=\"fcbkbttn_left\"><div class=\"fcbkbttn_button\">\n                            <a href=\"https:\/\/www.facebook.com\/\" target=\"_blank\">\n                                <img decoding=\"async\" src=\"http:\/\/www.msc-reichenbach.de\/wordpress\/wp-content\/plugins\/facebook-button-plugin\/images\/standard-facebook-ico.png\" alt=\"Fb-Button\" \/>\n                            <\/a>\n                        <\/div><div class=\"fcbkbttn_like \"><fb:like href=\"http:\/\/www.msc-reichenbach.de\/wordpress\/?page_id=68\" action=\"like\" colorscheme=\"light\" layout=\"standard\" show-faces='false' width=\"225px\" size=\"small\"><\/fb:like><\/div><\/div><h1><span style=\"color: #0000ff;\"><em><strong>MSC Chronik<\/strong><\/em><\/span><\/h1>\n<p><span style=\"color: #0000ff;\">Gr\u00fcndungsjahr<\/span><\/p>\n<p>Ausgangspunkt war ein Motoballspiel zwischen dem MSC Durmersheim und dem MSC Malsch das im Sommer <span style=\"color: #3366ff;\">1962<\/span> in Etzenrot stattfand und f\u00fcr diesen rasanten Sport werben sollte.<br \/>\nUnter den zahlreichen Zuschauer waren auch einige junge Reichenbacher, die dem Spiel fasziniert folgten.Begeistert beschlossen sie danach einen Motorsportclub zu gr\u00fcnden. Gleichgesinnte waren schnell gefunden und der Gr\u00fcndung des Clubs stand nichts mehr im Wege. Am 31.August 1962 war es soweit. Als Name w\u00e4hlten die Gr\u00fcndungsmitglieder<\/p>\n<p style=\"text-align: center;\">\u00a0 <span style=\"color: #3366ff;\"><em><strong>&#8222;Motor Sport Club Hurrican Reichenbach&#8220;<\/strong><\/em><\/span><\/p>\n<address style=\"text-align: left;\">Neben dem Motoballsport wurden<\/address>\n<address><span style=\"color: #3366ff;\">1969<\/span> mit Orientierungsfahrten und Fahrzeugturniere begonnen.<\/address>\n<address><span style=\"color: #3366ff;\">1973<\/span> kam eine Rallye-Abteilung dazu<\/address>\n<address><span style=\"color: #3366ff;\">1975<\/span> begann der Verein mit Moped und Fahrradturnieren, um die Kinder und Jugendliche fr\u00fchzeitig auf die viele Gefahren im Stra\u00dfenverkehr hinzuweisen.<\/address>\n<address><span style=\"color: #3366ff;\">1976<\/span> hatte der Club bereits \u00fcber 200 Mitglieder.<\/address>\n<address><span style=\"color: #3366ff;\">1982<\/span> wurde die Veteranenabteilung ins Leben gerufen.<\/address>\n<address><span style=\"color: #3366ff;\">1984<\/span> wurde der Kart-Sport im Vereinsprogramm aufgenommen.<\/address>\n<address><span style=\"color: #3366ff;\">2002<\/span> musste man bei fehlenden Motoballplatz sich vom Motoball-Sport endg\u00fcltig verabschieden.<\/address>\n<address><span style=\"color: #3366ff;\">2012<\/span> konnte der MSC-Reichenbach sein 50 J\u00e4hriges bestehen feiern<\/address>\n<address>Im Jahre 1973 wurden wir ADAC-Ortsclub. Die Verleihung der Gemeinn\u00fctzigkeit erfolgte 1983.<\/address>\n","protected":false},"excerpt":{"rendered":"<p>MSC Chronik Gr\u00fcndungsjahr Ausgangspunkt war ein Motoballspiel zwischen dem MSC Durmersheim und dem MSC Malsch das im Sommer 1962 in Etzenrot stattfand und f\u00fcr diesen rasanten Sport werben sollte. Unter den zahlreichen Zuschauer waren auch einige junge Reichenbacher, die dem Spiel fasziniert folgten.Begeistert beschlossen sie danach einen Motorsportclub zu gr\u00fcnden. Gleichgesinnte waren schnell gefunden und [&hellip;]<\/p>\n","protected":false},"author":1,"featured_media":0,"parent":0,"menu_order":0,"comment_status":"closed","ping_status":"closed","template":"onecolumn-page.php","meta":{"ngg_post_thumbnail":0,"footnotes":""},"class_list":["post-68","page","type-page","status-publish","hentry"],"_links":{"self":[{"href":"http:\/\/www.msc-reichenbach.de\/wordpress\/index.php?rest_route=\/wp\/v2\/pages\/68","targetHints":{"allow":["GET"]}}],"collection":[{"href":"http:\/\/www.msc-reichenbach.de\/wordpress\/index.php?rest_route=\/wp\/v2\/pages"}],"about":[{"href":"http:\/\/www.msc-reichenbach.de\/wordpress\/index.php?rest_route=\/wp\/v2\/types\/page"}],"author":[{"embeddable":true,"href":"http:\/\/www.msc-reichenbach.de\/wordpress\/index.php?rest_route=\/wp\/v2\/users\/1"}],"replies":[{"embeddable":true,"href":"http:\/\/www.msc-reichenbach.de\/wordpress\/index.php?rest_route=%2Fwp%2Fv2%2Fcomments&post=68"}],"version-history":[{"count":7,"href":"http:\/\/www.msc-reichenbach.de\/wordpress\/index.php?rest_route=\/wp\/v2\/pages\/68\/revisions"}],"predecessor-version":[{"id":567,"href":"http:\/\/www.msc-reichenbach.de\/wordpress\/index.php?rest_route=\/wp\/v2\/pages\/68\/revisions\/567"}],"wp:attachment":[{"href":"http:\/\/www.msc-reichenbach.de\/wordpress\/index.php?rest_route=%2Fwp%2Fv2%2Fmedia&parent=68"}],"curies":[{"name":"wp","href":"https:\/\/api.w.org\/{rel}","templated":true}]}}