{"id":839,"date":"2014-02-23T19:05:35","date_gmt":"2014-02-23T18:05:35","guid":{"rendered":"http:\/\/www.msc-reichenbach.de\/wordpress\/?page_id=839"},"modified":"2023-03-24T22:07:41","modified_gmt":"2023-03-24T21:07:41","slug":"impressum","status":"publish","type":"page","link":"http:\/\/www.msc-reichenbach.de\/wordpress\/?page_id=839","title":{"rendered":"Impressum"},"content":{"rendered":"<div class=\"fcbkbttn_buttons_block\" id=\"fcbkbttn_left\"><div class=\"fcbkbttn_button\">\n                            <a href=\"https:\/\/www.facebook.com\/\" target=\"_blank\">\n                                <img decoding=\"async\" src=\"http:\/\/www.msc-reichenbach.de\/wordpress\/wp-content\/plugins\/facebook-button-plugin\/images\/standard-facebook-ico.png\" alt=\"Fb-Button\" \/>\n                            <\/a>\n                        <\/div><div class=\"fcbkbttn_like \"><fb:like href=\"http:\/\/www.msc-reichenbach.de\/wordpress\/?page_id=839\" action=\"like\" colorscheme=\"light\" layout=\"standard\" show-faces='false' width=\"225px\" size=\"small\"><\/fb:like><\/div><\/div><p style=\"text-align: center;\" align=\"CENTER\"><span style=\"font-family: Arial, sans-serif;\"><span style=\"font-size: large;\"><b>Impressum<br \/>\n<\/b><\/span><\/span><span style=\"font-family: Arial, sans-serif;\"><span style=\"font-size: medium;\">MSC-Reichenbach Hurrikan e.V.<br \/>\n<\/span><\/span><span style=\"font-family: Arial, sans-serif;\"><span style=\"font-size: medium;\">Bahnhofstr. 13 g, <\/span><\/span><span style=\"font-family: Arial, sans-serif;\"><span style=\"font-size: medium;\">76337 Waldbronn-Busenbach<br \/>\n<\/span><\/span><span style=\"font-family: Arial, sans-serif;\"><span style=\"font-size: medium;\"><br \/>\n<\/span><\/span><span style=\"font-family: Arial, sans-serif;\"><span style=\"font-size: medium;\">E-Mail: <a href=\"mailto:info@msc-reichenbach.deHomepage\" target=\"_blank\" rel=\"nofollow\">info@msc-reichenbach.de<\/a><\/span><\/span><span style=\"font-family: Arial, sans-serif;\"><span style=\"font-size: medium;\"><a>&nbsp;<\/a><\/span><\/span><span style=\"font-family: Arial, sans-serif;\"><span style=\"font-size: medium;\"><br \/>\n<a>Homepage<\/a>: <a href=\"http:\/\/www.msc-reichenbach.deVertretungsberechtigter\">www.msc-reichenbach.de<\/a><\/span><\/span><span style=\"font-family: Arial, sans-serif;\"><span style=\"font-size: medium;\"><span style=\"text-decoration: underline;\"><b><a><br \/>\n<\/a><\/b><b><\/b><\/span><span style=\"color: #000000;\"><span style=\"text-decoration: underline;\"><b><a><span style=\"color: #000000; text-decoration: underline;\">Vertretungsberechtigtes<\/span><\/a><\/b><b>&nbsp;Vorstandteam<\/b><\/span><b><br \/>\n<\/b><\/span><\/span><\/span><span style=\"font-family: Arial, sans-serif;\"><span style=\"font-size: medium;\">Alois Heipek<\/span><\/span><span style=\"font-family: Arial, sans-serif;\"><span style=\"font-size: medium;\">, Christine Vogel, Stefano Pannone<\/span><\/span><\/p>\n<h6 align=\"CENTER\">&nbsp;<\/h6>\n<p style=\"text-align: center;\" align=\"CENTER\"><span style=\"font-family: Arial, sans-serif;\"><span style=\"font-size: medium;\"><br \/>\n<\/span><\/span><span style=\"font-family: Arial, sans-serif;\"><span style=\"font-size: medium;\">Inhaltlich Verantwortlich gem\u00e4\u00df \u00a710 Abs.3 MDStV:<br \/>\n<a href=\"mailto:info@msc-reichenbach.de\" target=\"_blank\" rel=\"nofollow\">info@msc-reichenbach.de<\/a><\/span><\/span><\/p>\n<p style=\"text-align: center;\" align=\"CENTER\"><span style=\"font-family: Arial, sans-serif;\"><span style=\"font-size: medium;\">Die Seiten der Homepage wurden mit gro\u00dfer Sorgfalt <\/span><\/span><span style=\"font-family: Arial, sans-serif;\"><span style=\"font-size: medium;\">erstellt. F\u00fcr <\/span><\/span><span style=\"font-family: Arial, sans-serif;\"><span style=\"font-size: medium;\">die Richtigkeit und Vollst\u00e4ndigkeit der Daten wird jedoch keine <\/span><\/span><span style=\"font-family: Arial, sans-serif;\"><span style=\"font-size: medium;\">Gew\u00e4hr oder Haftung \u00fcbernommen. Dies gilt auch f\u00fcr die direkten <\/span><\/span><span style=\"font-family: Arial, sans-serif;\"><span style=\"font-size: medium;\">oder indirekten Sch\u00e4den, die in Verbindung mit den auf den Seiten <\/span><\/span><span style=\"font-family: Arial, sans-serif;\"><span style=\"font-size: medium;\">enthaltenen Informationen entstehen k\u00f6nnen. <\/span><\/span><span style=\"font-family: Arial, sans-serif;\"><span style=\"font-size: medium;\">Die Rechte der verwendeten Grafiken, Fotos sowie Textinhalten <\/span><\/span><span style=\"font-family: Arial, sans-serif;\"><span style=\"font-size: medium;\">liegen bei den Urheber. Die Weiterwerwendung bedarf der <\/span><\/span><span style=\"font-family: Arial, sans-serif;\"><span style=\"font-size: medium;\">Zustimmung des MSC-Reichenbach.<br \/>\n<\/span><\/span><span style=\"font-family: Arial, sans-serif;\"><span style=\"font-size: medium;\">Trotz sorgf\u00e4ltiger Inhaltlicher Kontrolle \u00fcbernehmen wir keine <\/span><\/span><span style=\"font-family: Arial, sans-serif;\"><span style=\"font-size: medium;\">Haftung f\u00fcr die Inhalte externer Links. F\u00fcr den Inhalt der <\/span><\/span><span style=\"font-family: Arial, sans-serif;\"><span style=\"font-size: medium;\">verlinkten Seiten sind ausschlie\u00dflich deren Betreiber verantwortlich.<\/span><\/span><\/p>\n<p style=\"text-align: left;\" align=\"CENTER\">\n<style type=\"text\/css\">\n\t<!--\n\t\t@page { margin: 2cm }\n\t\tP { margin-bottom: 0.21cm }\n\t--><br \/>\n\t<\/style>\n<\/p>\n<p><strong><span style=\"color: #0000ff;\">Datenschutzerkl\u00e4rung f\u00fcr unser Facebookauftritt<\/span><\/strong><\/p>\n<p>Mit dieser Datenschutzerkl\u00e4rung m\u00f6chten wir Sie dar\u00fcber informieren, wie wir personenbezogene Daten verarbeiten. Wir sind uns bewusst, welche Bedeutung die Verarbeitung personenbezogener Daten f\u00fcr den Nutzer hat, und beachten dementsprechend alle einschl\u00e4gigen gesetzlichen Vorgaben. Dabei ist der Schutz Ihrer Privatsph\u00e4re f\u00fcr uns von h\u00f6chster Bedeutung. Deshalb ist das Einhalten der gesetzlichen Bestimmungen zum Datenschutz f\u00fcr uns selbstverst\u00e4ndlich.<\/p>\n<p>Kontakt<br \/>\nMSC Reichenbach e.V.<br \/>\nBahnhofstr. 13g<br \/>\n76337 Waldbronn<\/p>\n<p>E-Mail: info@msc-reichenbach.de<\/p>\n<p><strong><span style=\"color: #0000ff;\">Personenbezogene Daten<\/span><\/strong><br \/>\nPersonenbezogene Daten sind alle Informationen \u00fcber pers\u00f6nliche und sachliche Verh\u00e4ltnisse einer bestimmten oder bestimmbaren Person. Wir verarbeiten die folgenden personenbezogenen Daten:<br \/>\nName<br \/>\nE-Mail-Adresse<br \/>\nInformationen \u00fcber die Nutzung der Seite<br \/>\nSocial media-Konten<br \/>\n<strong><span style=\"color: #0000ff;\">Rechtsgrundlage<\/span><\/strong><br \/>\nDie Verarbeitung Ihrer Daten geschieht auf den folgenden Rechtsgrundlagen:<br \/>\nIn Bezug auf Daten, die Sie in Formularen etc. angeben, mit Ihrer Einwilligung, Art. 6 Abs. 1 lit. a) DSGVO<br \/>\nin Bezug auf Dienste, die Sie in Anspruch nehmen, zur Durchf\u00fchrung eines Vertrags mit Ihnen, Art. 6 Abs. 1 lit. b) DSGVO<br \/>\nim \u00dcbrigen, insbesondere bei statistischen Daten und Online-Identifikatoren, auf Grundlage berechtigter Interessen, Art. 6 Abs. 1 lit. f) DSGVO (siehe unten)<br \/>\nBerechtigte Interessen<br \/>\nBei der Verarbeitung Ihrer Daten verfolgen wir die folgenden berechtigten Interessen:<\/p>\n<p>Schutz vor Missbrauch<br \/>\nStatistik<br \/>\nDatenquellen<br \/>\nWenn nicht anders angegeben, erhalten wir die Daten von Ihnen (einschlie\u00dflich \u00fcber die von Ihnen verwendeten Ger\u00e4te).<\/p>\n<p><strong><span style=\"color: #0000ff;\">Speicherdauer<\/span><\/strong><br \/>\nwenn Sie in die Verarbeitung eingewilligt haben, h\u00f6chstens solange, bis Sie Ihre Einwilligung widerrufen,<br \/>\nwenn wir die Daten zur Durchf\u00fchrung eines Vertrags ben\u00f6tigen, h\u00f6chstens solange, wie das Vertragsverh\u00e4ltnis mit Ihnen besteht oder gesetzliche Aufbewahrungsfristen laufen,<br \/>\nwenn wir die Daten auf der Grundlage eines berechtigten Interesses verwenden, h\u00f6chstens solange, wie Ihr Interesse an einer L\u00f6schung oder Anonymisierung nicht \u00fcberwiegt.<br \/>\nVerwendungszwecke<br \/>\nPersonenbezogene Daten werden von uns nur dann und nur in dem Umfang und zu dem Zweck erhoben, zu dem Sie uns die Daten von sich aus, z. B. im Rahmen einer Registrierung zur Verf\u00fcgung stellen.<br \/>\nWir nutzen und speichern Ihre personenbezogenen Daten im Rahmen unserer Dienstleistungen f\u00fcr die folgenden Zwecke:<\/p>\n<p><span style=\"color: #0000ff;\">Soziale Netzwerke<\/span><br \/>\nDer MSC verwendet in ihrem Internetauftritt Social Plugins des sozialen Netzwerkes Facebook der Facebook Inc. Zweck und Umfang der Datenerhebung und die weitere Verarbeitung und Nutzung der Daten durch Facebook sowie Ihre diesbez\u00fcglichen Rechte und Einstellungsm\u00f6glichkeiten zum Schutz Ihrer Privatsph\u00e4re entnehmen Sie bitte den Datenschutz-Hinweisen und der Datenschutzerkl\u00e4rung der Firma Facebook. Die Plugins sind mit einem Facebook Logo oder dem Zusatz &#8222;Gef\u00e4llt mir&#8220; oder &#8222;Teilen&#8220; gekennzeichnet.<\/p>\n<p>Facebook erh\u00e4lt dadurch die Information, dass Sie die entsprechende Seite unseres Internetauftritts aufgerufen haben. Sind Sie bei Facebook registriert und eingeloggt, kann Facebook den Besuch Ihrem Facebook-Konto zuordnen. Klicken Sie auf den Link &#8222;Gef\u00e4llt mir&#8220; oder &#8222;Teilen&#8220;, wird die entsprechende Information von Ihrem Browser direkt an Facebook \u00fcbermittelt und dort gespeichert.<\/p>\n<p>Rechte des Betroffenen<br \/>\nRecht auf Auskunft, Berichtigung, Widerruf, Beschwerde, L\u00f6schung und Sperrung.<\/p>\n<p>Sie haben das Recht, Auskunft dar\u00fcber zu verlangen, ob und welche personenbezogenen Daten von Ihnen durch uns verarbeitet werden. Ebenso haben Sie das Recht, die Berichtigung ihrer personenbezogenen Daten oder deren Vervollst\u00e4ndigung zu verlangen.<br \/>\nSie haben unter bestimmten Umst\u00e4nden das Recht zu verlangen, dass Ihre personenbezogenen Daten gel\u00f6scht werden.<br \/>\nSie haben unter bestimmten Umst\u00e4nden das Recht zu verlangen, dass die Verarbeitung Ihrer personenbezogenen Daten eingeschr\u00e4nkt wird.<br \/>\nSie k\u00f6nnen Ihre Einwilligung in die Verarbeitung und Verwendung Ihrer Daten vollst\u00e4ndig oder teilweise jederzeit mit Wirkung f\u00fcr die Zukunft widerrufen.<br \/>\nSie haben das Recht, Ihre personenbezogenen Daten in einem g\u00e4ngigen, strukturierten und maschinenlesbaren Format zu erhalten.<br \/>\nAuch bei Fragen, Kommentaren und Beschwerden sowie Auskunftsersuchen im Zusammenhang mit unserer Erkl\u00e4rung zum Datenschutz und der Verarbeitung Ihrer pers\u00f6nlichen Daten k\u00f6nnen Sie sich schriftlich an unseren Datenschutzbeauftragten wenden.<br \/>\nSie haben auch das Recht auf Beschwerde bei der zust\u00e4ndigen Aufsichtsbeh\u00f6rde, wenn Sie der Ansicht sind, dass die Verarbeitung der Sie betreffenden personenbezogenen Daten gegen die gesetzlichen Bestimmungen verst\u00f6\u00dft.<br \/>\nKontaktm\u00f6glichkeiten<br \/>\nBei Fragen oder Anliegen bez\u00fcglich Datenschutz erreichen Sie uns auf folgendem Wege:<\/p>\n<p>MSC Reichenbach e.V.<br \/>\nBahnhofstr.13g<br \/>\n76337 Waldbronn<\/p>\n<p>E-Mail: info@msc-reichenbach.de<\/p>\n<p>Wir behalten uns vor, diese Datenschutzerkl\u00e4rung jederzeit mit Wirkung f\u00fcr die Zukunft zu \u00e4ndern.<\/p>\n","protected":false},"excerpt":{"rendered":"<p>Impressum MSC-Reichenbach Hurrikan e.V. Bahnhofstr. 13 g, 76337 Waldbronn-Busenbach E-Mail: info@msc-reichenbach.de&nbsp; Homepage: www.msc-reichenbach.de Vertretungsberechtigtes&nbsp;Vorstandteam Alois Heipek, Christine Vogel, Stefano Pannone &nbsp; Inhaltlich Verantwortlich gem\u00e4\u00df \u00a710 Abs.3 MDStV: info@msc-reichenbach.de Die Seiten der Homepage wurden mit gro\u00dfer Sorgfalt erstellt. F\u00fcr die Richtigkeit und Vollst\u00e4ndigkeit der Daten wird jedoch keine Gew\u00e4hr oder Haftung \u00fcbernommen. Dies gilt auch f\u00fcr [&hellip;]<\/p>\n","protected":false},"author":1,"featured_media":0,"parent":0,"menu_order":0,"comment_status":"closed","ping_status":"closed","template":"","meta":{"ngg_post_thumbnail":0,"footnotes":""},"class_list":["post-839","page","type-page","status-publish","hentry"],"_links":{"self":[{"href":"http:\/\/www.msc-reichenbach.de\/wordpress\/index.php?rest_route=\/wp\/v2\/pages\/839","targetHints":{"allow":["GET"]}}],"collection":[{"href":"http:\/\/www.msc-reichenbach.de\/wordpress\/index.php?rest_route=\/wp\/v2\/pages"}],"about":[{"href":"http:\/\/www.msc-reichenbach.de\/wordpress\/index.php?rest_route=\/wp\/v2\/types\/page"}],"author":[{"embeddable":true,"href":"http:\/\/www.msc-reichenbach.de\/wordpress\/index.php?rest_route=\/wp\/v2\/users\/1"}],"replies":[{"embeddable":true,"href":"http:\/\/www.msc-reichenbach.de\/wordpress\/index.php?rest_route=%2Fwp%2Fv2%2Fcomments&post=839"}],"version-history":[{"count":18,"href":"http:\/\/www.msc-reichenbach.de\/wordpress\/index.php?rest_route=\/wp\/v2\/pages\/839\/revisions"}],"predecessor-version":[{"id":4523,"href":"http:\/\/www.msc-reichenbach.de\/wordpress\/index.php?rest_route=\/wp\/v2\/pages\/839\/revisions\/4523"}],"wp:attachment":[{"href":"http:\/\/www.msc-reichenbach.de\/wordpress\/index.php?rest_route=%2Fwp%2Fv2%2Fmedia&parent=839"}],"curies":[{"name":"wp","href":"https:\/\/api.w.org\/{rel}","templated":true}]}}